{"id":213976,"date":"2021-09-29T18:14:22","date_gmt":"2021-09-29T17:14:22","guid":{"rendered":"https:\/\/sagaa.fr\/fr\/?page_id=213976"},"modified":"2021-10-01T08:49:56","modified_gmt":"2021-10-01T07:49:56","slug":"confidentialite","status":"publish","type":"page","link":"https:\/\/sagaa.fr\/fr\/confidentialite\/","title":{"rendered":"confidentialit\u00e9"},"content":{"rendered":"<p>[et_pb_section fb_built=\u00a0\u00bb1&Prime; fullwidth=\u00a0\u00bbon\u00a0\u00bb admin_label=\u00a0\u00bbPage Header\u00a0\u00bb _builder_version=\u00a0\u00bb3.22&Prime; background_image=\u00a0\u00bbhttps:\/\/sagaa.fr\/fr\/wp-content\/uploads\/2017\/12\/business-01.jpg\u00a0\u00bb parallax=\u00a0\u00bbon\u00a0\u00bb global_colors_info=\u00a0\u00bb{}\u00a0\u00bb][\/et_pb_section][et_pb_section fb_built=\u00a0\u00bb1&Prime; admin_label=\u00a0\u00bbServices\u00a0\u00bb _builder_version=\u00a0\u00bb3.22&Prime; custom_padding=\u00a0\u00bb90px||80px|\u00a0\u00bb global_colors_info=\u00a0\u00bb{}\u00a0\u00bb][et_pb_row admin_label=\u00a0\u00bbAbout\u00a0\u00bb _builder_version=\u00a0\u00bb4.10.8&Prime; background_size=\u00a0\u00bbinitial\u00a0\u00bb background_position=\u00a0\u00bbtop_left\u00a0\u00bb background_repeat=\u00a0\u00bbrepeat\u00a0\u00bb max_width=\u00a0\u00bb900px\u00a0\u00bb use_custom_width=\u00a0\u00bbon\u00a0\u00bb custom_width_px=\u00a0\u00bb900px\u00a0\u00bb global_colors_info=\u00a0\u00bb{}\u00a0\u00bb][et_pb_column type=\u00a0\u00bb4_4&Prime; _builder_version=\u00a0\u00bb3.25&Prime; custom_padding=\u00a0\u00bb|||\u00a0\u00bb global_colors_info=\u00a0\u00bb{}\u00a0\u00bb custom_padding__hover=\u00a0\u00bb|||\u00a0\u00bb][et_pb_text _builder_version=\u00a0\u00bb4.10.8&Prime; _module_preset=\u00a0\u00bbdefault\u00a0\u00bb global_colors_info=\u00a0\u00bb{}\u00a0\u00bb]<\/p>\n<p align=\"center\"><span style=\"color: #000000;\"><span style=\"font-family: arial, sans-serif;\"><span style=\"font-size: large;\"><b>Politique confidentialit\u00e9 <\/b><\/span><\/span><\/span><\/p>\n<p><span style=\"color: #000000;\"><span style=\"font-family: arial, sans-serif;\"><span style=\"font-size: medium;\"><b>PREAMBULE<\/b><\/span><\/span><\/span><\/p>\n<p><span style=\"color: #000000;\"><span style=\"font-family: arial, sans-serif;\"><span style=\"font-size: medium;\">Particuli\u00e8rement attach\u00e9 aux principes de protection des donn\u00e9es personnelles, <\/span><\/span><\/span><span style=\"color: #000000;\"><span style=\"font-family: arial, sans-serif;\"><span style=\"font-size: medium;\">la SAS <\/span><\/span><\/span><span style=\"color: #000000;\"><span style=\"font-family: arial, sans-serif;\"><span style=\"font-size: medium;\">SAGAA <\/span><\/span><\/span><span style=\"color: #000000;\"><span style=\"font-family: arial, sans-serif;\"><span style=\"font-size: medium;\">s\u2019engage vis-\u00e0-vis des utilisateurs de son <\/span><\/span><\/span><span style=\"color: #000000;\"><span style=\"font-family: arial, sans-serif;\"><span style=\"font-size: medium;\">site www.sagaa.fr<\/span><\/span><\/span><span style=\"color: #000000;\"><span style=\"font-family: arial, sans-serif;\"><span style=\"font-size: medium;\"> \u00e0 respecter les principes de la r\u00e8glementation europ\u00e9enne.<\/span><\/span><\/span><\/p>\n<p><span style=\"color: #000000;\"><span style=\"font-family: arial, sans-serif;\"><span style=\"font-size: medium;\">Cette politique de confidentialit\u00e9 (\u00ab Politique \u00bb) a pour objet de vous fournir des informations claires et transparentes sur la mani\u00e8re dont la SAS SAGAA collecte et traite vos donn\u00e9es personnelles lors de votre utilisation des services fournis par la SAS SAGAA.<\/span><\/span><\/span><\/p>\n<p><span style=\"color: #000000;\"><span style=\"font-family: arial, sans-serif;\"><span style=\"font-size: medium;\">La pr\u00e9sente politique est susceptible d\u2019\u00e9voluer en fonction du contexte l\u00e9gal et r\u00e8glementaire, ainsi que des prises de position de l\u2019autorit\u00e9 de contr\u00f4le en mati\u00e8re de protection des donn\u00e9es (la Commission Informatique et Libert\u00e9s).<\/span><\/span><\/span><\/p>\n<p><span style=\"color: #000000;\"><span style=\"font-size: medium;\"><b><span style=\"font-family: arial, sans-serif;\">Article 1 &#8211; <\/span><span style=\"font-family: arial, sans-serif;\">Le responsable de traitement <\/span><span style=\"font-family: arial, sans-serif;\">des donn\u00e9es<\/span><\/b><\/span><\/span><\/p>\n<p><span style=\"color: #000000;\"><span style=\"font-family: arial, sans-serif;\"><span style=\"font-size: medium;\">Le responsable de traitement de vos donn\u00e9es personnelles est la SAS SAGAA , SAS au capital de 1000 euros dont le si\u00e8ge social est situ\u00e9 11 rue Rubens 31270 Cugnaux FRANCE et enregistr\u00e9e au Registre du Commerce de Toulouse sous le num\u00e9ro 903 065 522 . <\/span><\/span><\/span><\/p>\n<p><span style=\"color: #000000;\"><span style=\"font-family: arial, sans-serif;\"><span style=\"font-size: medium;\"><b>Article 2<\/b> <b>&#8211; <\/b><b>Protection des donn\u00e9es \u00e0 caract\u00e8re personnel<\/b><\/span><\/span><\/span><\/p>\n<p><span style=\"color: #000000;\"><b>2<\/b><b>.1\u00a0<\/b><b>Collecte des donn\u00e9es personnelles<\/b><\/span><\/p>\n<p><span style=\"color: #000000;\"><span style=\"font-family: arial, sans-serif;\"><span style=\"font-size: medium;\">Les donn\u00e9es \u00e0 caract\u00e8re personnel qui sont collect\u00e9es sur ce site sont les suivantes\u00a0:<\/span><\/span><\/span><\/p>\n<p>&nbsp;<\/p>\n<p><span style=\"color: #000000;\"><span style=\"font-family: arial, sans-serif;\"><span style=\"font-size: medium;\"><b>Communication<\/b><\/span><\/span><\/span><\/p>\n<p><span style=\"color: #000000;\"><span style=\"font-family: arial, sans-serif;\"><span style=\"font-size: medium;\">Lorsque le site est utilis\u00e9e pour communiquer via le module Contact, les donn\u00e9es concernant les communications de l&rsquo;utilisateur font l&rsquo;objet d&rsquo;une conservation temporaire.<\/span><\/span><\/span><\/p>\n<p><span style=\"color: #000000;\"><span style=\"font-family: arial, sans-serif;\"><span style=\"font-size: medium;\"><b>Cookies<\/b><\/span><\/span><\/span><\/p>\n<p><span style=\"color: #000000;\"><span style=\"font-family: arial, sans-serif;\"><span style=\"font-size: medium;\">Les cookies sont utilis\u00e9s, dans le cadre de l&rsquo;utilisation du site. L&rsquo;utilisateur a la possibilit\u00e9 de d\u00e9sactiver les cookies \u00e0 partir des param\u00e8tres de son navigateur.<\/span><\/span><\/span><\/p>\n<p>&nbsp;<\/p>\n<p><span style=\"color: #000000;\"><span style=\"font-family: arial, sans-serif;\"><span style=\"font-size: medium;\"><b>2<\/b><\/span><\/span><\/span><span style=\"color: #000000;\"><span style=\"font-family: arial, sans-serif;\"><span style=\"font-size: medium;\"><b>.2\u00a0<\/b><\/span><\/span><\/span><span style=\"color: #000000;\"><span style=\"font-family: arial, sans-serif;\"><span style=\"font-size: medium;\"><b>Utilisation des donn\u00e9es personnelles<\/b><\/span><\/span><\/span><span style=\"color: #000000;\"><span style=\"font-family: arial, sans-serif;\"><span style=\"font-size: medium;\"><br \/><\/span><\/span><\/span><\/p>\n<p><span style=\"color: #000000;\"><span style=\"font-family: arial, sans-serif;\"><span style=\"font-size: medium;\">Les donn\u00e9es personnelles collect\u00e9es aupr\u00e8s des utilisateurs ont pour objectif la mise \u00e0 disposition des services de <\/span><\/span><\/span><span style=\"color: #000000;\"><span style=\"font-family: arial, sans-serif;\"><span style=\"font-size: medium;\">Sagaa.fr<\/span><\/span><\/span><span style=\"color: #000000;\"><span style=\"font-family: arial, sans-serif;\"><span style=\"font-size: medium;\"> leur am\u00e9lioration et le maintien d&rsquo;un environnement s\u00e9curis\u00e9. Plus pr\u00e9cis\u00e9ment, les utilisations sont les suivantes\u00a0:<\/span><\/span><\/span><\/p>\n<p><span style=\"color: #000000;\"><span style=\"font-family: arial, sans-serif;\"><span style=\"font-size: medium;\">&#8211;\u00a0\u00a0acc\u00e8s et utilisation du site www.sagaa.fr par l&rsquo;utilisateur\u00a0;<\/span><\/span><\/span><\/p>\n<p><span style=\"color: #000000;\"><span style=\"font-family: arial, sans-serif;\"><span style=\"font-size: medium;\">&#8211;\u00a0\u00a0gestion du fonctionnement et optimisation du site ;<\/span><\/span><\/span><\/p>\n<p><span style=\"color: #000000;\"><span style=\"font-family: arial, sans-serif;\"><span style=\"font-size: medium;\">&#8211;\u00a0\u00a0v\u00e9rification, identification et authentification des donn\u00e9es transmises par l&rsquo;utilisateur\u00a0;<\/span><\/span><\/span><\/p>\n<p><span style=\"color: #000000;\"><span style=\"font-family: arial, sans-serif;\"><span style=\"font-size: medium;\">&#8211;\u00a0\u00a0gestion des \u00e9ventuels litiges avec les utilisateurs\u00a0;<\/span><\/span><\/span><\/p>\n<p><a name=\"__DdeLink__1030_169476901\"><\/a><\/p>\n<p><span style=\"color: #000000;\"><span style=\"font-family: arial, sans-serif;\"><span style=\"font-size: medium;\"><b>Article 3 Utilisation des \u00ab\u00a0cookies\u00a0\u00bb<\/b><\/span><\/span><\/span><\/p>\n<p><span style=\"color: #000000;\"><span style=\"font-family: arial, sans-serif;\"><span style=\"font-size: medium;\">Lors de l\u2019utilisation du site Sagaa.fr, des informations relatives \u00e0 la navigation du terminal (ordinateur, tablette, smartphone, etc.), sont susceptibles d\u2019\u00eatre enregistr\u00e9es dans des fichiers \u201ccookies\u201d d\u00e9pos\u00e9s sur le terminal, sous r\u00e9serve des choix exprim\u00e9s concernant les cookies et qui peuvent \u00eatre modifi\u00e9s \u00e0 tout moment. <\/span><\/span><\/span><\/p>\n<p><span style=\"color: #000000;\"><span style=\"font-family: arial, sans-serif;\"><span style=\"font-size: medium;\"><b>Article 4 <\/b><b>Partage des donn\u00e9es personnelles avec des tiers<\/b><br \/><\/span><\/span><\/span><\/p>\n<p><span style=\"color: #000000;\"><span style=\"font-family: arial, sans-serif;\"><span style=\"font-size: medium;\">Les donn\u00e9es personnelles peuvent \u00eatre partag\u00e9es avec des soci\u00e9t\u00e9s tierces, dans les cas suivants\u00a0:<\/span><\/span><\/span><\/p>\n<p><span style=\"color: #000000;\"><span style=\"font-family: arial, sans-serif;\"><span style=\"font-size: medium;\">&#8211;\u00a0\u00a0si la loi l&rsquo;exige, l<\/span><\/span><\/span><span style=\"color: #000000;\"><span style=\"font-family: arial, sans-serif;\"><span style=\"font-size: medium;\">a SAS SAGAA<\/span><\/span><\/span><span style=\"color: #000000;\"><span style=\"font-family: arial, sans-serif;\"><span style=\"font-size: medium;\"> peut effectuer la transmission de donn\u00e9es pour donner suite aux r\u00e9clamations pr\u00e9sent\u00e9es contre la <\/span><\/span><\/span><span style=\"color: #000000;\"><span style=\"font-family: arial, sans-serif;\"><span style=\"font-size: medium;\">Sagaa.fr<\/span><\/span><\/span><span style=\"color: #000000;\"><span style=\"font-family: arial, sans-serif;\"><span style=\"font-size: medium;\"> et se conformer aux proc\u00e9dures administratives et judiciaires\u00a0;<\/span><\/span><\/span><\/p>\n<p><span style=\"color: #000000;\"><span style=\"font-family: arial, sans-serif;\"><span style=\"font-size: medium;\">&#8211;\u00a0\u00a0si la <\/span><\/span><\/span><span style=\"color: #000000;\"><span style=\"font-family: arial, sans-serif;\"><span style=\"font-size: medium;\">SAS SAGAA<\/span><\/span><\/span><span style=\"color: #000000;\"><span style=\"font-family: arial, sans-serif;\"><span style=\"font-size: medium;\"> est impliqu\u00e9e dans une op\u00e9ration de fusion, acquisition, cession d&rsquo;actifs ou proc\u00e9dure de redressement judiciaire, elle pourra \u00eatre amen\u00e9e \u00e0 c\u00e9der ou partager tout ou partie de ses actifs, y compris les donn\u00e9es \u00e0 caract\u00e8re personnel. Dans ce cas, les utilisateurs seraient inform\u00e9s, avant que les donn\u00e9es \u00e0 caract\u00e8re personnel ne soient transf\u00e9r\u00e9es \u00e0 une tierce partie.<\/span><\/span><\/span><\/p>\n<p>&nbsp;<\/p>\n<p><span style=\"color: #000000;\"><span style=\"font-family: arial, sans-serif;\"><span style=\"font-size: medium;\"><b>Article 5<\/b><\/span><\/span><\/span><b> <\/b><span style=\"color: #000000;\"><span style=\"font-family: arial, sans-serif;\"><span style=\"font-size: medium;\"><b>S\u00e9curit\u00e9 et confidentialit\u00e9<\/b><\/span><\/span><\/span><span style=\"color: #000000;\"><span style=\"font-family: arial, sans-serif;\"><span style=\"font-size: medium;\"><br \/><\/span><\/span><\/span><\/p>\n<p><span style=\"color: #000000;\"><span style=\"font-family: arial, sans-serif;\"><span style=\"font-size: medium;\">La SAS Sagaa<\/span><\/span><\/span><span style=\"color: #000000;\"><span style=\"font-family: arial, sans-serif;\"><span style=\"font-size: medium;\"> met en oeuvre des mesures organisationnelles, techniques, logicielles et physiques en mati\u00e8re de s\u00e9curit\u00e9 du num\u00e9rique pour prot\u00e9ger les donn\u00e9es personnelles contre les alt\u00e9rations, destructions et acc\u00e8s non autoris\u00e9s. Toutefois, il est \u00e0 signaler qu&rsquo;internet n&rsquo;est pas un environnement compl\u00e8tement s\u00e9curis\u00e9 et la <\/span><\/span><\/span><span style=\"color: #000000;\"><span style=\"font-family: arial, sans-serif;\"><span style=\"font-size: medium;\">SAS S<\/span><\/span><\/span><span style=\"color: #000000;\"><span style=\"font-family: arial, sans-serif;\"><span style=\"font-size: medium;\">AGAA<\/span><\/span><\/span><span style=\"color: #000000;\"><span style=\"font-family: arial, sans-serif;\"><span style=\"font-size: medium;\"> ne peut pas garantir la s\u00e9curit\u00e9 de la transmission ou du stockage des informations sur internet.<\/span><\/span><\/span><\/p>\n<p><span style=\"color: #000000;\"><span style=\"font-family: arial, sans-serif;\"><span style=\"font-size: medium;\"><b>Article 6 <\/b><\/span><\/span><\/span><span style=\"color: #000000;\"><span style=\"font-family: arial, sans-serif;\"><span style=\"font-size: medium;\"><b>\u00a0<\/b><\/span><\/span><\/span><span style=\"color: #000000;\"><span style=\"font-family: arial, sans-serif;\"><span style=\"font-size: medium;\"><b>Mise en oeuvre des droits des utilisateurs<\/b><\/span><\/span><\/span><span style=\"color: #000000;\"><span style=\"font-family: arial, sans-serif;\"><span style=\"font-size: medium;\"><br \/><\/span><\/span><\/span><\/p>\n<p><span style=\"color: #000000;\"><span style=\"font-family: arial, sans-serif;\"><span style=\"font-size: medium;\">En application de la r\u00e9glementation applicable aux donn\u00e9es \u00e0 caract\u00e8re personnel, les utilisateurs disposent des droits suivants\u00a0:<\/span><\/span><\/span><\/p>\n<p><span style=\"color: #000000;\"><span style=\"font-family: arial, sans-serif;\"><span style=\"font-size: medium;\">&#8211;\u00a0\u00a0ils peuvent exercer leur droit d&rsquo;acc\u00e8s, pour conna\u00eetre les donn\u00e9es personnelles les concernant, en \u00e9crivant \u00e0 l&rsquo;adresse \u00e9lectronique suivante\u00a0: <\/span><\/span><\/span><span style=\"color: #000000;\"><span style=\"font-family: arial, sans-serif;\"><span style=\"font-size: medium;\">contact@sagaa.fr<\/span><\/span><\/span><span style=\"color: #000000;\"><span style=\"font-family: arial, sans-serif;\"><span style=\"font-size: medium;\">. Dans ce cas, avant la mise en oeuvre de ce droit, la <\/span><\/span><\/span><span style=\"color: #000000;\"><span style=\"font-family: arial, sans-serif;\"><span style=\"font-size: medium;\">SAS SAGAA<\/span><\/span><\/span><span style=\"color: #000000;\"><span style=\"font-family: arial, sans-serif;\"><span style=\"font-size: medium;\"> peut demander une preuve de l&rsquo;identit\u00e9 de l&rsquo;utilisateur afin d&rsquo;en v\u00e9rifier l&rsquo;exactitude\u00a0;<\/span><\/span><\/span><\/p>\n<p><span style=\"color: #000000;\"><span style=\"font-family: arial, sans-serif;\"><span style=\"font-size: medium;\">&#8211;\u00a0\u00a0si les donn\u00e9es \u00e0 caract\u00e8re personnel d\u00e9tenues par la <\/span><\/span><\/span><span style=\"color: #000000;\"><span style=\"font-family: arial, sans-serif;\"><span style=\"font-size: medium;\">SAS Sagaa<\/span><\/span><\/span><span style=\"color: #000000;\"><span style=\"font-family: arial, sans-serif;\"><span style=\"font-size: medium;\"> sont inexactes, ils peuvent demander la mise \u00e0 jour des informations, en \u00e9crivant \u00e0 l&rsquo;adresse \u00e9lectronique suivante\u00a0: <\/span><\/span><\/span><span style=\"color: #000000;\"><span style=\"font-family: arial, sans-serif;\"><span style=\"font-size: medium;\">contact@sagaa.fr<\/span><\/span><\/span><\/p>\n<p><span style=\"color: #000000;\"><span style=\"font-family: arial, sans-serif;\"><span style=\"font-size: medium;\">&#8211;\u00a0\u00a0les utilisateurs peuvent demander la suppression de leurs donn\u00e9es \u00e0 caract\u00e8re personnel, conform\u00e9ment aux lois applicables en mati\u00e8re de protection des donn\u00e9es, en \u00e9crivant \u00e0 l&rsquo;adresse \u00e9lectronique suivante\u00a0: contact@sagaa.fr<\/span><\/span><\/span><\/p>\n<p><span style=\"color: #000000;\"><span style=\"font-family: arial, sans-serif;\"><span style=\"font-size: medium;\"><b>Article 7 <\/b><\/span><\/span><\/span><span style=\"color: #000000;\"><span style=\"font-family: arial, sans-serif;\"><span style=\"font-size: medium;\"><b>\u00a0<\/b><\/span><\/span><\/span><span style=\"color: #000000;\"><span style=\"font-family: arial, sans-serif;\"><span style=\"font-size: medium;\"><b>\u00c9volution de la pr\u00e9sente clause<\/b><\/span><\/span><\/span><span style=\"color: #000000;\"><span style=\"font-family: arial, sans-serif;\"><span style=\"font-size: medium;\"><br \/><\/span><\/span><\/span><\/p>\n<p><span style=\"color: #000000;\"><span style=\"font-family: arial, sans-serif;\"><span style=\"font-size: medium;\">la SAS SAGAA se r\u00e9serve le droit d&rsquo;apporter toute modification \u00e0 la pr\u00e9sente clause relative \u00e0 la protection des donn\u00e9es \u00e0 caract\u00e8re personnel \u00e0 tout moment. Si une modification est apport\u00e9e \u00e0 la pr\u00e9sente clause de protection des donn\u00e9es \u00e0 caract\u00e8re personnel, la SAS SAGAA s&rsquo;engage \u00e0 publier la nouvelle version sur son site. La SAS SAGAA informera \u00e9galement les utilisateurs de la modification par messagerie \u00e9lectronique, dans un d\u00e9lai minimum de 15\u00a0jours avant la date d&rsquo;effet. Si l&rsquo;utilisateur n&rsquo;est pas d&rsquo;accord avec les termes de la nouvelle r\u00e9daction de la clause de protection des donn\u00e9es \u00e0 caract\u00e8re personnel, il a la possibilit\u00e9 de supprimer son compte.<\/span><\/span><\/span><\/p>\n<p><span style=\"color: #000000;\"><span style=\"font-family: arial, sans-serif;\"><span style=\"font-size: medium;\"><b>Article 8 D\u00e9l\u00e9gu\u00e9 \u00e0 la Protection des Donn\u00e9es<\/b><\/span><\/span><\/span><\/p>\n<p><span style=\"color: #000000;\"><span style=\"font-family: arial, sans-serif;\"><span style=\"font-size: medium;\">Si vous vous posez une question sur la mani\u00e8re dont nous utilisons vos donn\u00e9es personnelles ou que vous souhaitez exercer l\u2019un des droits susmentionn\u00e9s ou que vous avez une r\u00e9clamation, vous pouvez nous contacter par email ou courrier postal\u00a0:<br \/>\u2022 par courrier \u00e0 SAS SAGAA 11 rue Rubens 31270 Cugnaux FRANCE<br \/>\u2022 par courriel \u00e0 contact@sagaa.fr<br \/>\u2022 afin que nous puissions satisfaire cette demande, vous devrez nous faire parvenir les \u00e9l\u00e9ments de preuve n\u00e9cessaires \u00e0 votre identification.<br \/>Vous avez \u00e9galement la possibilit\u00e9 de d\u00e9poser une r\u00e9clamation aupr\u00e8s de l\u2019autorit\u00e9 de contr\u00f4le.<\/span><\/span><\/span><\/p>\n<p>[\/et_pb_text][\/et_pb_column][\/et_pb_row][\/et_pb_section]<\/p>\n","protected":false},"excerpt":{"rendered":"<p>Politique confidentialit\u00e9 PREAMBULE Particuli\u00e8rement attach\u00e9 aux principes de protection des donn\u00e9es personnelles, la SAS SAGAA s\u2019engage vis-\u00e0-vis des utilisateurs de son site www.sagaa.fr \u00e0 respecter les principes de la r\u00e8glementation europ\u00e9enne. Cette politique de confidentialit\u00e9 (\u00ab Politique \u00bb) a pour objet de vous fournir des informations claires et transparentes sur la mani\u00e8re dont la SAS [&hellip;]<\/p>\n","protected":false},"author":2,"featured_media":0,"parent":0,"menu_order":0,"comment_status":"closed","ping_status":"closed","template":"","meta":{"_et_pb_use_builder":"on","_et_pb_old_content":"","_et_gb_content_width":"","footnotes":""},"class_list":["post-213976","page","type-page","status-publish","hentry"],"yoast_head":"<!-- This site is optimized with the Yoast SEO plugin v24.9 - https:\/\/yoast.com\/wordpress\/plugins\/seo\/ -->\n<title>confidentialit\u00e9 Agents joueurs<\/title>\n<meta name=\"robots\" content=\"index, follow, max-snippet:-1, max-image-preview:large, max-video-preview:-1\" \/>\n<link rel=\"canonical\" href=\"https:\/\/sagaa.fr\/fr\/confidentialite\/\" \/>\n<meta property=\"og:locale\" content=\"fr_FR\" \/>\n<meta property=\"og:type\" content=\"article\" \/>\n<meta property=\"og:title\" content=\"confidentialit\u00e9 Agents joueurs\" \/>\n<meta property=\"og:description\" content=\"Politique confidentialit\u00e9 PREAMBULE Particuli\u00e8rement attach\u00e9 aux principes de protection des donn\u00e9es personnelles, la SAS SAGAA s\u2019engage vis-\u00e0-vis des utilisateurs de son site www.sagaa.fr \u00e0 respecter les principes de la r\u00e8glementation europ\u00e9enne. Cette politique de confidentialit\u00e9 (\u00ab Politique \u00bb) a pour objet de vous fournir des informations claires et transparentes sur la mani\u00e8re dont la SAS [&hellip;]\" \/>\n<meta property=\"og:url\" content=\"https:\/\/sagaa.fr\/fr\/confidentialite\/\" \/>\n<meta property=\"og:site_name\" content=\"SAGAA\" \/>\n<meta property=\"article:modified_time\" content=\"2021-10-01T07:49:56+00:00\" \/>\n<meta name=\"twitter:label1\" content=\"Dur\u00e9e de lecture estim\u00e9e\" \/>\n\t<meta name=\"twitter:data1\" content=\"6 minutes\" \/>\n<script type=\"application\/ld+json\" class=\"yoast-schema-graph\">{\"@context\":\"https:\/\/schema.org\",\"@graph\":[{\"@type\":\"WebPage\",\"@id\":\"https:\/\/sagaa.fr\/fr\/confidentialite\/\",\"url\":\"https:\/\/sagaa.fr\/fr\/confidentialite\/\",\"name\":\"confidentialit\u00e9 Agents joueurs\",\"isPartOf\":{\"@id\":\"https:\/\/sagaa.fr\/fr\/#website\"},\"datePublished\":\"2021-09-29T17:14:22+00:00\",\"dateModified\":\"2021-10-01T07:49:56+00:00\",\"inLanguage\":\"fr-FR\",\"potentialAction\":[{\"@type\":\"ReadAction\",\"target\":[\"https:\/\/sagaa.fr\/fr\/confidentialite\/\"]}]},{\"@type\":\"WebSite\",\"@id\":\"https:\/\/sagaa.fr\/fr\/#website\",\"url\":\"https:\/\/sagaa.fr\/fr\/\",\"name\":\"SAGAA\",\"description\":\"SPORTS AND GAMING ACCREDITED AGENTS\",\"publisher\":{\"@id\":\"https:\/\/sagaa.fr\/fr\/#organization\"},\"potentialAction\":[{\"@type\":\"SearchAction\",\"target\":{\"@type\":\"EntryPoint\",\"urlTemplate\":\"https:\/\/sagaa.fr\/fr\/?s={search_term_string}\"},\"query-input\":{\"@type\":\"PropertyValueSpecification\",\"valueRequired\":true,\"valueName\":\"search_term_string\"}}],\"inLanguage\":\"fr-FR\"},{\"@type\":\"Organization\",\"@id\":\"https:\/\/sagaa.fr\/fr\/#organization\",\"name\":\"SAGAA\",\"url\":\"https:\/\/sagaa.fr\/fr\/\",\"logo\":{\"@type\":\"ImageObject\",\"inLanguage\":\"fr-FR\",\"@id\":\"https:\/\/sagaa.fr\/fr\/#\/schema\/logo\/image\/\",\"url\":\"https:\/\/sagaa.fr\/fr\/wp-content\/uploads\/2021\/09\/SAGAA-Logo-Insta-4.png\",\"contentUrl\":\"https:\/\/sagaa.fr\/fr\/wp-content\/uploads\/2021\/09\/SAGAA-Logo-Insta-4.png\",\"width\":620,\"height\":620,\"caption\":\"SAGAA\"},\"image\":{\"@id\":\"https:\/\/sagaa.fr\/fr\/#\/schema\/logo\/image\/\"},\"sameAs\":[\"https:\/\/www.instagram.com\/sagaa_agents\/\"]}]}<\/script>\n<!-- \/ Yoast SEO plugin. -->","yoast_head_json":{"title":"confidentialit\u00e9 Agents joueurs","robots":{"index":"index","follow":"follow","max-snippet":"max-snippet:-1","max-image-preview":"max-image-preview:large","max-video-preview":"max-video-preview:-1"},"canonical":"https:\/\/sagaa.fr\/fr\/confidentialite\/","og_locale":"fr_FR","og_type":"article","og_title":"confidentialit\u00e9 Agents joueurs","og_description":"Politique confidentialit\u00e9 PREAMBULE Particuli\u00e8rement attach\u00e9 aux principes de protection des donn\u00e9es personnelles, la SAS SAGAA s\u2019engage vis-\u00e0-vis des utilisateurs de son site www.sagaa.fr \u00e0 respecter les principes de la r\u00e8glementation europ\u00e9enne. Cette politique de confidentialit\u00e9 (\u00ab Politique \u00bb) a pour objet de vous fournir des informations claires et transparentes sur la mani\u00e8re dont la SAS [&hellip;]","og_url":"https:\/\/sagaa.fr\/fr\/confidentialite\/","og_site_name":"SAGAA","article_modified_time":"2021-10-01T07:49:56+00:00","twitter_misc":{"Dur\u00e9e de lecture estim\u00e9e":"6 minutes"},"schema":{"@context":"https:\/\/schema.org","@graph":[{"@type":"WebPage","@id":"https:\/\/sagaa.fr\/fr\/confidentialite\/","url":"https:\/\/sagaa.fr\/fr\/confidentialite\/","name":"confidentialit\u00e9 Agents joueurs","isPartOf":{"@id":"https:\/\/sagaa.fr\/fr\/#website"},"datePublished":"2021-09-29T17:14:22+00:00","dateModified":"2021-10-01T07:49:56+00:00","inLanguage":"fr-FR","potentialAction":[{"@type":"ReadAction","target":["https:\/\/sagaa.fr\/fr\/confidentialite\/"]}]},{"@type":"WebSite","@id":"https:\/\/sagaa.fr\/fr\/#website","url":"https:\/\/sagaa.fr\/fr\/","name":"SAGAA","description":"SPORTS AND GAMING ACCREDITED AGENTS","publisher":{"@id":"https:\/\/sagaa.fr\/fr\/#organization"},"potentialAction":[{"@type":"SearchAction","target":{"@type":"EntryPoint","urlTemplate":"https:\/\/sagaa.fr\/fr\/?s={search_term_string}"},"query-input":{"@type":"PropertyValueSpecification","valueRequired":true,"valueName":"search_term_string"}}],"inLanguage":"fr-FR"},{"@type":"Organization","@id":"https:\/\/sagaa.fr\/fr\/#organization","name":"SAGAA","url":"https:\/\/sagaa.fr\/fr\/","logo":{"@type":"ImageObject","inLanguage":"fr-FR","@id":"https:\/\/sagaa.fr\/fr\/#\/schema\/logo\/image\/","url":"https:\/\/sagaa.fr\/fr\/wp-content\/uploads\/2021\/09\/SAGAA-Logo-Insta-4.png","contentUrl":"https:\/\/sagaa.fr\/fr\/wp-content\/uploads\/2021\/09\/SAGAA-Logo-Insta-4.png","width":620,"height":620,"caption":"SAGAA"},"image":{"@id":"https:\/\/sagaa.fr\/fr\/#\/schema\/logo\/image\/"},"sameAs":["https:\/\/www.instagram.com\/sagaa_agents\/"]}]}},"_links":{"self":[{"href":"https:\/\/sagaa.fr\/fr\/wp-json\/wp\/v2\/pages\/213976","targetHints":{"allow":["GET"]}}],"collection":[{"href":"https:\/\/sagaa.fr\/fr\/wp-json\/wp\/v2\/pages"}],"about":[{"href":"https:\/\/sagaa.fr\/fr\/wp-json\/wp\/v2\/types\/page"}],"author":[{"embeddable":true,"href":"https:\/\/sagaa.fr\/fr\/wp-json\/wp\/v2\/users\/2"}],"replies":[{"embeddable":true,"href":"https:\/\/sagaa.fr\/fr\/wp-json\/wp\/v2\/comments?post=213976"}],"version-history":[{"count":6,"href":"https:\/\/sagaa.fr\/fr\/wp-json\/wp\/v2\/pages\/213976\/revisions"}],"predecessor-version":[{"id":214074,"href":"https:\/\/sagaa.fr\/fr\/wp-json\/wp\/v2\/pages\/213976\/revisions\/214074"}],"wp:attachment":[{"href":"https:\/\/sagaa.fr\/fr\/wp-json\/wp\/v2\/media?parent=213976"}],"curies":[{"name":"wp","href":"https:\/\/api.w.org\/{rel}","templated":true}]}}