{"id":213831,"date":"2021-09-29T20:54:00","date_gmt":"2021-09-29T19:54:00","guid":{"rendered":"https:\/\/sagaa.fr\/en\/?page_id=213831"},"modified":"2021-10-01T08:52:58","modified_gmt":"2021-10-01T07:52:58","slug":"cgu","status":"publish","type":"page","link":"https:\/\/sagaa.fr\/en\/cgu\/","title":{"rendered":"cgu"},"content":{"rendered":"<p>[et_pb_section fb_built=\u00a0\u00bb1&Prime; _builder_version=\u00a0\u00bb4.10.8&Prime; _module_preset=\u00a0\u00bbdefault\u00a0\u00bb global_colors_info=\u00a0\u00bb{}\u00a0\u00bb][et_pb_row _builder_version=\u00a0\u00bb4.10.8&Prime; _module_preset=\u00a0\u00bbdefault\u00a0\u00bb global_colors_info=\u00a0\u00bb{}\u00a0\u00bb][et_pb_column type=\u00a0\u00bb4_4&Prime; _builder_version=\u00a0\u00bb4.10.8&Prime; _module_preset=\u00a0\u00bbdefault\u00a0\u00bb global_colors_info=\u00a0\u00bb{}\u00a0\u00bb][et_pb_text _builder_version=\u00a0\u00bb4.11.0&Prime; _module_preset=\u00a0\u00bbdefault\u00a0\u00bb global_colors_info=\u00a0\u00bb{}\u00a0\u00bb]<\/p>\n<p class=\"western\" align=\"center\"><b>CONDITIONS GENERALES D\u2019UTILISATION<\/b><\/p>\n<p class=\"western\">La poursuite de la navigation sur ce site vaut acceptation sans r\u00e9serve des dispositions et conditions d&rsquo;utilisation qui suivent.<\/p>\n<p class=\"western\">La version actuellement en ligne de ces conditions d&rsquo;utilisation est la seule opposable pendant toute la dur\u00e9e d&rsquo;utilisation du site et jusqu&rsquo;\u00e0 ce qu&rsquo;une nouvelle version la remplace.<\/p>\n<p class=\"western\" align=\"justify\"><b>Article 1 &#8211;\u00a0<\/b><b>Informations l\u00e9gales<\/b><\/p>\n<p class=\"western\" align=\"justify\"><b>1.1\u00a0<\/b>Sagaa.fr (ci-apr\u00e8s \u00ab\u00a0le site\u00a0\u00bb)\u00a0: <a href=\"https:\/\/sagaa.fr\/\">https:\/\/sagaa.fr<\/a><\/p>\n<p class=\"western\" align=\"justify\"><b>1.2\u00a0<\/b>SAGAA (ci-apr\u00e8s \u00ab l&rsquo;\u00e9diteur \u00bb) :SAGAA, SAS au capital de 1000 euros, dont le si\u00e8ge social est situ\u00e9 11 rue Rubens 31270 Cugnaux FRANCE, enregistr\u00e9e au RCS de Toulouse sous le num\u00e9ro d\u2019identification 903 065 522 R.C.S. Toulouse, num\u00e9ro SIREN 903065522 repr\u00e9sent\u00e9e par Laurent Lasgleyses, en sa qualit\u00e9 de Pr\u00e9sident,<\/p>\n<p class=\"western\" align=\"justify\">Num\u00e9ro de t\u00e9l\u00e9phone\u00a0: +33749394154<\/p>\n<p class=\"western\" align=\"justify\">Adresse de courrier \u00e9lectronique\u00a0: contact@sagaa.fr<\/p>\n<p class=\"western\" align=\"justify\">Directeur de la publication\u00a0:\u00a0Laurent Lasgleyses<\/p>\n<p class=\"western\" align=\"justify\"><b>1.3\u00a0<\/b>Conception et r\u00e9alisation\u00a0: SAS SAGAA<\/p>\n<p class=\"western\" align=\"justify\"><b>1.4\u00a0<\/b>LWS (ci-apr\u00e8s \u00ab\u00a0l&rsquo;h\u00e9bergeur\u00a0\u00bb)\u00a0:\u00a0Ligne Web Services (LWS), SAS au capital de 500 000 euros, dont le si\u00e8ge social est situ\u00e9 2 rue Jules Ferry 88190 GOLBEY \u2013 France, RCS Epinal B 450\u00a0453\u00a0881, num\u00e9ro SIREN 851993683 repr\u00e9sent\u00e9e par\u00a0.Nicolas DEPREDURAND, en sa qualit\u00e9 de g\u00e9rant,<\/p>\n<p class=\"western\" align=\"justify\">Num\u00e9ro de t\u00e9l\u00e9phone\u00a0: +33 177 62 30 03<\/p>\n<p class=\"western\"><b>Article 2 \u2013\u00a0<\/b><b>Acc\u00e8s au site<\/b><\/p>\n<p class=\"western\">L\u2019acc\u00e8s au site est gratuit et r\u00e9serv\u00e9 aux personnes majeures. L\u2019\u00e9diteur se r\u00e9serve le droit de demander toute justification de votre \u00e2ge.<\/p>\n<p class=\"western\"><b>Article 3 &#8211;\u00a0<\/b><b>Contenu du site<\/b><\/p>\n<p class=\"western\" align=\"justify\">Toutes les marques, photographies, textes, commentaires, illustrations, images anim\u00e9es ou non, s\u00e9quences vid\u00e9o, sons, ainsi que toutes les applications informatiques qui pourraient \u00eatre utilis\u00e9es pour faire fonctionner ce site et plus g\u00e9n\u00e9ralement tous les \u00e9l\u00e9ments reproduits ou utilis\u00e9s sur le site sont prot\u00e9g\u00e9s par les lois en vigueur au titre de la propri\u00e9t\u00e9 intellectuelle.<\/p>\n<p class=\"western\" align=\"justify\">Ils sont la propri\u00e9t\u00e9 pleine et enti\u00e8re de l&rsquo;\u00e9diteur ou de ses partenaires. Toute reproduction, repr\u00e9sentation, utilisation ou adaptation, sous quelque forme que ce soit, de tout ou partie de ces \u00e9l\u00e9ments, y compris les applications informatiques, sans l&rsquo;accord pr\u00e9alable et \u00e9crit de l&rsquo;\u00e9diteur, sont strictement interdites. Le fait pour l&rsquo;\u00e9diteur de ne pas engager de proc\u00e9dure d\u00e8s la prise de connaissance de ces utilisations non autoris\u00e9es ne vaut pas acceptation desdites utilisations et renonciation aux poursuites.<\/p>\n<p class=\"western\"><b>Article 4 &#8211;\u00a0<\/b><b>Gestion du site<\/b><\/p>\n<p class=\"western\" align=\"justify\">Pour la bonne gestion du site, l&rsquo;\u00e9diteur pourra \u00e0 tout moment\u00a0:<\/p>\n<p class=\"western\" align=\"justify\">&#8211;\u00a0\u00a0suspendre, interrompre ou de limiter l&rsquo;acc\u00e8s \u00e0 tout ou partie du site, r\u00e9server l&rsquo;acc\u00e8s au site, ou \u00e0 certaines parties du site, \u00e0 une cat\u00e9gorie d\u00e9termin\u00e9e d&rsquo;internaute\u00a0;<\/p>\n<p class=\"western\" align=\"justify\">&#8211;\u00a0\u00a0supprimer toute information pouvant en perturber le fonctionnement ou entrant en contravention avec les lois nationales ou internationales ;<\/p>\n<p class=\"western\" align=\"justify\">&#8211;\u00a0\u00a0suspendre le site afin de proc\u00e9der \u00e0 des mises \u00e0 jour.<\/p>\n<p class=\"western\"><b>Article 5 &#8211;\u00a0<\/b><b>Responsabilit\u00e9s<\/b><\/p>\n<p>La responsabilit\u00e9 de l&rsquo;\u00e9diteur ne peut \u00eatre engag\u00e9e en cas de d\u00e9faillance, panne, difficult\u00e9 ou interruption de fonctionnement, emp\u00eachant l&rsquo;acc\u00e8s au site ou \u00e0 une de ses fonctionnalit\u00e9s.<\/p>\n<p class=\"western\" align=\"justify\">Le mat\u00e9riel de connexion au site que vous utilisez est sous votre enti\u00e8re responsabilit\u00e9. Vous devez prendre toutes les mesures appropri\u00e9es pour prot\u00e9ger votre mat\u00e9riel et vos propres donn\u00e9es notamment d&rsquo;attaques virales par Internet. Vous \u00eates par ailleurs le seul responsable des sites et donn\u00e9es que vous consultez.<\/p>\n<p class=\"western\" align=\"justify\">L&rsquo;\u00e9diteur ne pourra \u00eatre tenu responsable en cas de poursuites judiciaires \u00e0 votre encontre\u00a0:<\/p>\n<p class=\"western\" align=\"justify\">&#8211;\u00a0\u00a0du fait de l&rsquo;usage du site ou de tout service accessible\u00a0<i>via<\/i>\u00a0Internet\u00a0;<\/p>\n<p class=\"western\" align=\"justify\">&#8211;\u00a0\u00a0du fait du non-respect par vous des pr\u00e9sentes conditions g\u00e9n\u00e9rales.<\/p>\n<p class=\"western\" align=\"justify\">L&rsquo;\u00e9diteur n&rsquo;est pas responsable des dommages caus\u00e9s \u00e0 vous-m\u00eame, \u00e0 des tiers et\/ou \u00e0 votre \u00e9quipement du fait de votre connexion ou de votre utilisation du site et vous renoncez \u00e0 toute action contre lui de ce fait.<\/p>\n<p class=\"western\" align=\"justify\">Si l&rsquo;\u00e9diteur venait \u00e0 faire l&rsquo;objet d&rsquo;une proc\u00e9dure amiable ou judiciaire \u00e0 raison de votre utilisation du site, il pourra retourner contre vous pour obtenir indemnisation de tous les pr\u00e9judices, sommes, condamnations et frais qui pourraient d\u00e9couler de cette proc\u00e9dure.<\/p>\n<p class=\"western\" align=\"justify\"><b>Article 6 &#8211;\u00a0<\/b><b>Liens hypertextes<\/b><\/p>\n<p class=\"western\" align=\"justify\">La mise en place par vous de tous liens hypertextes vers tout ou partie du site est strictement interdite, sauf autorisation pr\u00e9alable et \u00e9crite de l&rsquo;\u00e9diteur, sollicit\u00e9e par courriel \u00e0 l&rsquo;adresse suivante\u00a0: contact@sagaa.fr.<\/p>\n<p class=\"western\" align=\"justify\">L&rsquo;\u00e9diteur est libre de refuser cette autorisation sans avoir \u00e0 justifier de quelque mani\u00e8re que ce soit sa d\u00e9cision. Dans le cas o\u00f9 l&rsquo;\u00e9diteur accorderait son autorisation, celle-ci n&rsquo;est dans tous les cas que temporaire et pourra \u00eatre retir\u00e9e \u00e0 tout moment, sans obligation de justification \u00e0 la charge de l&rsquo;\u00e9diteur.<\/p>\n<p class=\"western\" align=\"justify\">Dans tous les cas, tout lien devra \u00eatre retir\u00e9 sur simple demande de l&rsquo;\u00e9diteur.<\/p>\n<p class=\"western\" align=\"justify\">Toute information accessible\u00a0<i>via<\/i>\u00a0un lien vers d&rsquo;autres sites n&rsquo;est pas sous le contr\u00f4le de l&rsquo;\u00e9diteur qui d\u00e9cline toute responsabilit\u00e9 quant \u00e0 leur contenu.<\/p>\n<p class=\"western\"><b>Article 7 &#8211;\u00a0<\/b><b>Cookies<\/b><\/p>\n<p class=\"western\">Le site peut collecter automatiquement des informations standards. Toutes les informations collect\u00e9es indirectement ne seront utilis\u00e9es que pour suivre le volume, le type et la configuration du trafic utilisant ce site, pour en d\u00e9velopper la conception et l&rsquo;agencement et \u00e0 d&rsquo;autres fins administratives et de planification et plus g\u00e9n\u00e9ralement pour am\u00e9liorer le service que nous vous offrons.<\/p>\n<p class=\"western\"><b>Article 8 &#8211;\u00a0<\/b><b>Loi applicable<\/b><\/p>\n<p class=\"western\">Les pr\u00e9sentes conditions d&rsquo;utilisation du site sont r\u00e9gies par la loi fran\u00e7aise et soumises \u00e0 la comp\u00e9tence des tribunaux de Toulouse sous r\u00e9serve d&rsquo;une attribution de comp\u00e9tence sp\u00e9cifique d\u00e9coulant d&rsquo;un texte de loi ou r\u00e9glementaire particulier.<\/p>\n<p class=\"western\"><b>Article 9-\u00a0<\/b><b>Contactez-nous<\/b><\/p>\n<p class=\"western\">Pour toute question, information sur les services pr\u00e9sent\u00e9s sur le site, ou concernant le site lui-m\u00eame, vous pouvez laisser un message \u00e0 l&rsquo;adresse suivante\u00a0: contact@sagaa.fr.<\/p>\n<p class=\"western\">[\/et_pb_text][\/et_pb_column][\/et_pb_row][\/et_pb_section]<\/p>\n","protected":false},"excerpt":{"rendered":"<p>CONDITIONS GENERALES D\u2019UTILISATION La poursuite de la navigation sur ce site vaut acceptation sans r\u00e9serve des dispositions et conditions d&rsquo;utilisation qui suivent. La version actuellement en ligne de ces conditions d&rsquo;utilisation est la seule opposable pendant toute la dur\u00e9e d&rsquo;utilisation du site et jusqu&rsquo;\u00e0 ce qu&rsquo;une nouvelle version la remplace. Article 1 &#8211;\u00a0Informations l\u00e9gales 1.1\u00a0Sagaa.fr [&hellip;]<\/p>\n","protected":false},"author":2,"featured_media":0,"parent":0,"menu_order":0,"comment_status":"closed","ping_status":"closed","template":"","meta":{"_et_pb_use_builder":"on","_et_pb_old_content":"","_et_gb_content_width":"","footnotes":""},"class_list":["post-213831","page","type-page","status-publish","hentry"],"yoast_head":"<!-- This site is optimized with the Yoast SEO plugin v24.9 - https:\/\/yoast.com\/wordpress\/plugins\/seo\/ -->\n<title>cgu - SAGAA<\/title>\n<meta name=\"robots\" content=\"index, follow, max-snippet:-1, max-image-preview:large, max-video-preview:-1\" \/>\n<link rel=\"canonical\" href=\"https:\/\/sagaa.fr\/en\/cgu\/\" \/>\n<meta property=\"og:locale\" content=\"fr_FR\" \/>\n<meta property=\"og:type\" content=\"article\" \/>\n<meta property=\"og:title\" content=\"cgu - SAGAA\" \/>\n<meta property=\"og:description\" content=\"CONDITIONS GENERALES D\u2019UTILISATION La poursuite de la navigation sur ce site vaut acceptation sans r\u00e9serve des dispositions et conditions d&#039;utilisation qui suivent. La version actuellement en ligne de ces conditions d&#039;utilisation est la seule opposable pendant toute la dur\u00e9e d&#039;utilisation du site et jusqu&#039;\u00e0 ce qu&#039;une nouvelle version la remplace. Article 1 -\u00a0Informations l\u00e9gales 1.1\u00a0Sagaa.fr [&hellip;]\" \/>\n<meta property=\"og:url\" content=\"https:\/\/sagaa.fr\/en\/cgu\/\" \/>\n<meta property=\"og:site_name\" content=\"SAGAA\" \/>\n<meta property=\"article:modified_time\" content=\"2021-10-01T07:52:58+00:00\" \/>\n<meta name=\"twitter:label1\" content=\"Dur\u00e9e de lecture estim\u00e9e\" \/>\n\t<meta name=\"twitter:data1\" content=\"5 minutes\" \/>\n<script type=\"application\/ld+json\" class=\"yoast-schema-graph\">{\"@context\":\"https:\/\/schema.org\",\"@graph\":[{\"@type\":\"WebPage\",\"@id\":\"https:\/\/sagaa.fr\/en\/cgu\/\",\"url\":\"https:\/\/sagaa.fr\/en\/cgu\/\",\"name\":\"cgu - SAGAA\",\"isPartOf\":{\"@id\":\"https:\/\/sagaa.fr\/en\/#website\"},\"datePublished\":\"2021-09-29T19:54:00+00:00\",\"dateModified\":\"2021-10-01T07:52:58+00:00\",\"inLanguage\":\"fr-FR\",\"potentialAction\":[{\"@type\":\"ReadAction\",\"target\":[\"https:\/\/sagaa.fr\/en\/cgu\/\"]}]},{\"@type\":\"WebSite\",\"@id\":\"https:\/\/sagaa.fr\/en\/#website\",\"url\":\"https:\/\/sagaa.fr\/en\/\",\"name\":\"SAGAA\",\"description\":\"SPORTS AND GAMING ACCREDITED AGENTS\",\"potentialAction\":[{\"@type\":\"SearchAction\",\"target\":{\"@type\":\"EntryPoint\",\"urlTemplate\":\"https:\/\/sagaa.fr\/en\/?s={search_term_string}\"},\"query-input\":{\"@type\":\"PropertyValueSpecification\",\"valueRequired\":true,\"valueName\":\"search_term_string\"}}],\"inLanguage\":\"fr-FR\"}]}<\/script>\n<!-- \/ Yoast SEO plugin. -->","yoast_head_json":{"title":"cgu - SAGAA","robots":{"index":"index","follow":"follow","max-snippet":"max-snippet:-1","max-image-preview":"max-image-preview:large","max-video-preview":"max-video-preview:-1"},"canonical":"https:\/\/sagaa.fr\/en\/cgu\/","og_locale":"fr_FR","og_type":"article","og_title":"cgu - SAGAA","og_description":"CONDITIONS GENERALES D\u2019UTILISATION La poursuite de la navigation sur ce site vaut acceptation sans r\u00e9serve des dispositions et conditions d'utilisation qui suivent. La version actuellement en ligne de ces conditions d'utilisation est la seule opposable pendant toute la dur\u00e9e d'utilisation du site et jusqu'\u00e0 ce qu'une nouvelle version la remplace. Article 1 -\u00a0Informations l\u00e9gales 1.1\u00a0Sagaa.fr [&hellip;]","og_url":"https:\/\/sagaa.fr\/en\/cgu\/","og_site_name":"SAGAA","article_modified_time":"2021-10-01T07:52:58+00:00","twitter_misc":{"Dur\u00e9e de lecture estim\u00e9e":"5 minutes"},"schema":{"@context":"https:\/\/schema.org","@graph":[{"@type":"WebPage","@id":"https:\/\/sagaa.fr\/en\/cgu\/","url":"https:\/\/sagaa.fr\/en\/cgu\/","name":"cgu - SAGAA","isPartOf":{"@id":"https:\/\/sagaa.fr\/en\/#website"},"datePublished":"2021-09-29T19:54:00+00:00","dateModified":"2021-10-01T07:52:58+00:00","inLanguage":"fr-FR","potentialAction":[{"@type":"ReadAction","target":["https:\/\/sagaa.fr\/en\/cgu\/"]}]},{"@type":"WebSite","@id":"https:\/\/sagaa.fr\/en\/#website","url":"https:\/\/sagaa.fr\/en\/","name":"SAGAA","description":"SPORTS AND GAMING ACCREDITED AGENTS","potentialAction":[{"@type":"SearchAction","target":{"@type":"EntryPoint","urlTemplate":"https:\/\/sagaa.fr\/en\/?s={search_term_string}"},"query-input":{"@type":"PropertyValueSpecification","valueRequired":true,"valueName":"search_term_string"}}],"inLanguage":"fr-FR"}]}},"_links":{"self":[{"href":"https:\/\/sagaa.fr\/en\/wp-json\/wp\/v2\/pages\/213831","targetHints":{"allow":["GET"]}}],"collection":[{"href":"https:\/\/sagaa.fr\/en\/wp-json\/wp\/v2\/pages"}],"about":[{"href":"https:\/\/sagaa.fr\/en\/wp-json\/wp\/v2\/types\/page"}],"author":[{"embeddable":true,"href":"https:\/\/sagaa.fr\/en\/wp-json\/wp\/v2\/users\/2"}],"replies":[{"embeddable":true,"href":"https:\/\/sagaa.fr\/en\/wp-json\/wp\/v2\/comments?post=213831"}],"version-history":[{"count":7,"href":"https:\/\/sagaa.fr\/en\/wp-json\/wp\/v2\/pages\/213831\/revisions"}],"predecessor-version":[{"id":213933,"href":"https:\/\/sagaa.fr\/en\/wp-json\/wp\/v2\/pages\/213831\/revisions\/213933"}],"wp:attachment":[{"href":"https:\/\/sagaa.fr\/en\/wp-json\/wp\/v2\/media?parent=213831"}],"curies":[{"name":"wp","href":"https:\/\/api.w.org\/{rel}","templated":true}]}}